{"id":1511,"date":"2021-09-30T23:26:51","date_gmt":"2021-09-30T23:26:51","guid":{"rendered":"https:\/\/aldeacoba.com\/aviso-de-privacidad\/"},"modified":"2021-11-02T23:17:32","modified_gmt":"2021-11-02T23:17:32","slug":"aviso-de-privacidad","status":"publish","type":"page","link":"https:\/\/aldeacoba.com\/fr\/aviso-de-privacidad\/","title":{"rendered":"Aviso de Privacidad"},"content":{"rendered":"\t\t<div data-elementor-type=\"wp-page\" data-elementor-id=\"1511\" class=\"elementor elementor-1511 elementor-1496\">\n\t\t\t\t\t\t\t\t\t<section class=\"elementor-section elementor-top-section elementor-element elementor-element-23fe61b elementor-section-boxed elementor-section-height-default elementor-section-height-default\" data-id=\"23fe61b\" data-element_type=\"section\">\n\t\t\t\t\t\t<div class=\"elementor-container elementor-column-gap-default\">\n\t\t\t\t\t<div class=\"elementor-column elementor-col-100 elementor-top-column elementor-element elementor-element-4e82b9d\" data-id=\"4e82b9d\" data-element_type=\"column\">\n\t\t\t<div class=\"elementor-widget-wrap elementor-element-populated\">\n\t\t\t\t\t\t\t\t<div class=\"elementor-element elementor-element-332486b elementor-widget elementor-widget-heading\" data-id=\"332486b\" data-element_type=\"widget\" data-widget_type=\"heading.default\">\n\t\t\t\t<div class=\"elementor-widget-container\">\n\t\t\t<style>\/*! elementor - v3.6.8 - 27-07-2022 *\/\n.elementor-heading-title{padding:0;margin:0;line-height:1}.elementor-widget-heading .elementor-heading-title[class*=elementor-size-]>a{color:inherit;font-size:inherit;line-height:inherit}.elementor-widget-heading .elementor-heading-title.elementor-size-small{font-size:15px}.elementor-widget-heading .elementor-heading-title.elementor-size-medium{font-size:19px}.elementor-widget-heading .elementor-heading-title.elementor-size-large{font-size:29px}.elementor-widget-heading .elementor-heading-title.elementor-size-xl{font-size:39px}.elementor-widget-heading .elementor-heading-title.elementor-size-xxl{font-size:59px}<\/style><h2 class=\"elementor-heading-title elementor-size-default\">Avis de confidentialit\u00e9<\/h2>\t\t<\/div>\n\t\t\t\t<\/div>\n\t\t\t\t\t<\/div>\n\t\t<\/div>\n\t\t\t\t\t\t\t<\/div>\n\t\t<\/section>\n\t\t\t\t<section class=\"elementor-section elementor-top-section elementor-element elementor-element-07114ca elementor-section-boxed elementor-section-height-default elementor-section-height-default\" data-id=\"07114ca\" data-element_type=\"section\">\n\t\t\t\t\t\t<div class=\"elementor-container elementor-column-gap-default\">\n\t\t\t\t\t<div class=\"elementor-column elementor-col-100 elementor-top-column elementor-element elementor-element-cb33bf5\" data-id=\"cb33bf5\" data-element_type=\"column\">\n\t\t\t<div class=\"elementor-widget-wrap elementor-element-populated\">\n\t\t\t\t\t\t\t\t<div class=\"elementor-element elementor-element-53fd753 elementor-widget elementor-widget-text-editor\" data-id=\"53fd753\" data-element_type=\"widget\" data-widget_type=\"text-editor.default\">\n\t\t\t\t<div class=\"elementor-widget-container\">\n\t\t\t<style>\/*! elementor - v3.6.8 - 27-07-2022 *\/\n.elementor-widget-text-editor.elementor-drop-cap-view-stacked .elementor-drop-cap{background-color:#818a91;color:#fff}.elementor-widget-text-editor.elementor-drop-cap-view-framed .elementor-drop-cap{color:#818a91;border:3px solid;background-color:transparent}.elementor-widget-text-editor:not(.elementor-drop-cap-view-default) .elementor-drop-cap{margin-top:8px}.elementor-widget-text-editor:not(.elementor-drop-cap-view-default) .elementor-drop-cap-letter{width:1em;height:1em}.elementor-widget-text-editor .elementor-drop-cap{float:left;text-align:center;line-height:1;font-size:50px}.elementor-widget-text-editor .elementor-drop-cap-letter{display:inline-block}<\/style>\t\t\t\t<p>\u00ab&nbsp;Grupo Limen Investors SAPI de CV&nbsp;\u00bb propri\u00e9taire et exploitant de \u00ab&nbsp;Aldea Cob\u00e1 une exp\u00e9rience de boutique d&rsquo;\u00e9vasion&nbsp;\u00bb situ\u00e9 sur la Carretera Tulum- Cob\u00e1 Av. Principal No. 1 LTM, Ville de Cob\u00e1, Municipalit\u00e9 de Tulum, Quintana Roo, Mexique (ci-apr\u00e8s le \u00a0\u00bb Hotel\u00a0\u00bb) est responsable de la confidentialit\u00e9, de l&rsquo;utilisation et de la protection de vos donn\u00e9es personnelles.<\/p>\n<p>Vos donn\u00e9es personnelles seront utilis\u00e9es aux fins de toute question juridique ou commerciale avec l&rsquo;H\u00f4tel, y compris, l&rsquo;achat de nos services, la promotion de nos services, \u00e9v\u00e9nements, concours et tombolas, \u00e0 des fins de marketing, de recherche commerciale et pour \u00e9valuer la qualit\u00e9 de les services que nous offrons.<\/p><p><br><\/p>\n<p>Aux fins susmentionn\u00e9es, nous pouvons exiger votre nom, adresse, t\u00e9l\u00e9phone, e-mail, num\u00e9ro d&rsquo;identification fiscale, date et lieu de naissance, sexe, nationalit\u00e9, \u00e2ge et informations de cr\u00e9dit et patrimoniales. Vous disposez d&rsquo;un droit d&rsquo;acc\u00e8s, de rectification et d&rsquo;annulation de vos donn\u00e9es personnelles, ainsi que de vous opposer \u00e0 l&rsquo;utilisation ou de r\u00e9voquer votre consentement \u00e0 l&rsquo;utilisation de vos donn\u00e9es personnelles par le biais des proc\u00e9dures que nous avons mises en place. Pour conna\u00eetre ces proc\u00e9dures, exigences et d\u00e9lais, veuillez contacter par e-mail \u00e0 sales@aldeacoba.com<\/p><p><br><\/p>\n<p>Nous nous engageons \u00e0 ne pas transf\u00e9rer vos informations personnelles \u00e0 des tiers sans votre consentement, sauf dans les cas pr\u00e9vus \u00e0 l&rsquo;article 37 de la loi f\u00e9d\u00e9rale sur la protection des donn\u00e9es personnelles. Dans ce cas, le transfert sera effectu\u00e9 dans les conditions fix\u00e9es par la loi.Si vous ne vous opposez pas au transfert de vos donn\u00e9es personnelles, il sera entendu que vous avez donn\u00e9 votre consentement. Si vous ne souhaitez plus recevoir de messages promotionnels de notre part, veuillez nous envoyer votre demande par e-mail<\/p>\t\t\t\t\t\t<\/div>\n\t\t\t\t<\/div>\n\t\t\t\t\t<\/div>\n\t\t<\/div>\n\t\t\t\t\t\t\t<\/div>\n\t\t<\/section>\n\t\t\t\t\t\t\t<\/div>\n\t\t","protected":false},"excerpt":{"rendered":"<p>Avis de confidentialit\u00e9 \u00ab&nbsp;Grupo Limen Investors SAPI de CV&nbsp;\u00bb propri\u00e9taire et exploitant de \u00ab&nbsp;Aldea Cob\u00e1 une exp\u00e9rience de boutique d&rsquo;\u00e9vasion&nbsp;\u00bb situ\u00e9 sur la Carretera Tulum- Cob\u00e1 Av. Principal No. 1 LTM, Ville de Cob\u00e1, Municipalit\u00e9 de Tulum, Quintana Roo, Mexique (ci-apr\u00e8s le \u00a0\u00bb Hotel\u00a0\u00bb) est responsable de la confidentialit\u00e9, de l&rsquo;utilisation et de la protection&hellip; <a class=\"more-link\" href=\"https:\/\/aldeacoba.com\/fr\/aviso-de-privacidad\/\">Poursuivre la lecture <span class=\"screen-reader-text\">Aviso de Privacidad<\/span><\/a><\/p>\n","protected":false},"author":1,"featured_media":0,"parent":0,"menu_order":0,"comment_status":"closed","ping_status":"closed","template":"elementor_header_footer","meta":{"om_disable_all_campaigns":false},"_links":{"self":[{"href":"https:\/\/aldeacoba.com\/fr\/wp-json\/wp\/v2\/pages\/1511"}],"collection":[{"href":"https:\/\/aldeacoba.com\/fr\/wp-json\/wp\/v2\/pages"}],"about":[{"href":"https:\/\/aldeacoba.com\/fr\/wp-json\/wp\/v2\/types\/page"}],"author":[{"embeddable":true,"href":"https:\/\/aldeacoba.com\/fr\/wp-json\/wp\/v2\/users\/1"}],"replies":[{"embeddable":true,"href":"https:\/\/aldeacoba.com\/fr\/wp-json\/wp\/v2\/comments?post=1511"}],"version-history":[{"count":8,"href":"https:\/\/aldeacoba.com\/fr\/wp-json\/wp\/v2\/pages\/1511\/revisions"}],"predecessor-version":[{"id":4253,"href":"https:\/\/aldeacoba.com\/fr\/wp-json\/wp\/v2\/pages\/1511\/revisions\/4253"}],"wp:attachment":[{"href":"https:\/\/aldeacoba.com\/fr\/wp-json\/wp\/v2\/media?parent=1511"}],"curies":[{"name":"wp","href":"https:\/\/api.w.org\/{rel}","templated":true}]}}