{"id":1515,"date":"2021-09-30T23:29:35","date_gmt":"2021-09-30T23:29:35","guid":{"rendered":"https:\/\/aldeacoba.com\/terminos-y-condiciones\/"},"modified":"2021-10-28T19:21:54","modified_gmt":"2021-10-28T19:21:54","slug":"terminos-y-condiciones","status":"publish","type":"page","link":"https:\/\/aldeacoba.com\/fr\/terminos-y-condiciones\/","title":{"rendered":"Terminos y condiciones"},"content":{"rendered":"\t\t<div data-elementor-type=\"wp-page\" data-elementor-id=\"1515\" class=\"elementor elementor-1515 elementor-1502\">\n\t\t\t\t\t\t\t\t\t<section class=\"elementor-section elementor-top-section elementor-element elementor-element-d65043d elementor-section-boxed elementor-section-height-default elementor-section-height-default\" data-id=\"d65043d\" data-element_type=\"section\">\n\t\t\t\t\t\t<div class=\"elementor-container elementor-column-gap-default\">\n\t\t\t\t\t<div class=\"elementor-column elementor-col-100 elementor-top-column elementor-element elementor-element-3330ef4\" data-id=\"3330ef4\" data-element_type=\"column\">\n\t\t\t<div class=\"elementor-widget-wrap elementor-element-populated\">\n\t\t\t\t\t\t\t\t<div class=\"elementor-element elementor-element-d283526 elementor-widget elementor-widget-heading\" data-id=\"d283526\" data-element_type=\"widget\" data-widget_type=\"heading.default\">\n\t\t\t\t<div class=\"elementor-widget-container\">\n\t\t\t<style>\/*! elementor - v3.6.8 - 27-07-2022 *\/\n.elementor-heading-title{padding:0;margin:0;line-height:1}.elementor-widget-heading .elementor-heading-title[class*=elementor-size-]>a{color:inherit;font-size:inherit;line-height:inherit}.elementor-widget-heading .elementor-heading-title.elementor-size-small{font-size:15px}.elementor-widget-heading .elementor-heading-title.elementor-size-medium{font-size:19px}.elementor-widget-heading .elementor-heading-title.elementor-size-large{font-size:29px}.elementor-widget-heading .elementor-heading-title.elementor-size-xl{font-size:39px}.elementor-widget-heading .elementor-heading-title.elementor-size-xxl{font-size:59px}<\/style><h2 class=\"elementor-heading-title elementor-size-default\">TERMES ET CONDITIONS<\/h2>\t\t<\/div>\n\t\t\t\t<\/div>\n\t\t\t\t\t<\/div>\n\t\t<\/div>\n\t\t\t\t\t\t\t<\/div>\n\t\t<\/section>\n\t\t\t\t<section class=\"elementor-section elementor-top-section elementor-element elementor-element-c142b1d elementor-section-boxed elementor-section-height-default elementor-section-height-default\" data-id=\"c142b1d\" data-element_type=\"section\">\n\t\t\t\t\t\t<div class=\"elementor-container elementor-column-gap-default\">\n\t\t\t\t\t<div class=\"elementor-column elementor-col-100 elementor-top-column elementor-element elementor-element-9d4a50a\" data-id=\"9d4a50a\" data-element_type=\"column\">\n\t\t\t<div class=\"elementor-widget-wrap elementor-element-populated\">\n\t\t\t\t\t\t\t\t<div class=\"elementor-element elementor-element-6b4d366 elementor-widget elementor-widget-text-editor\" data-id=\"6b4d366\" data-element_type=\"widget\" data-widget_type=\"text-editor.default\">\n\t\t\t\t<div class=\"elementor-widget-container\">\n\t\t\t<style>\/*! elementor - v3.6.8 - 27-07-2022 *\/\n.elementor-widget-text-editor.elementor-drop-cap-view-stacked .elementor-drop-cap{background-color:#818a91;color:#fff}.elementor-widget-text-editor.elementor-drop-cap-view-framed .elementor-drop-cap{color:#818a91;border:3px solid;background-color:transparent}.elementor-widget-text-editor:not(.elementor-drop-cap-view-default) .elementor-drop-cap{margin-top:8px}.elementor-widget-text-editor:not(.elementor-drop-cap-view-default) .elementor-drop-cap-letter{width:1em;height:1em}.elementor-widget-text-editor .elementor-drop-cap{float:left;text-align:center;line-height:1;font-size:50px}.elementor-widget-text-editor .elementor-drop-cap-letter{display:inline-block}<\/style>\t\t\t\t<ul><li>Nous acceptons les paiements en liquide, ainsi que les cartes bancaires Visa, Mastercard, American Express et Discover.<\/li><li>Nous acceptons les virements bancaires et arrhes. Contactez, s\u2019il vous pla\u00eet, reservaciones@aldeacoba.com pour obtenir plus d\u2019informations.<\/li><li>Le tarif n\u2019inclut pas : 16% de TVA et 3% de taxe de s\u00e9jour.<\/li><li>L\u2019h\u00f4tel peut proc\u00e9der \u00e0 l\u2019encaissement de la r\u00e9servation \u00e0 tout moment, si c\u2019est un tarif non remboursable.<\/li><li>L\u2019encaissement complet se r\u00e9alise au moment du check-in (pour le tarif standard).<\/li><li>Vous pouvez annuler votre r\u00e9servation jusqu\u2019\u00e0 5 jours avant le jour d\u2019arriv\u00e9e sans frais.<\/li><li>Si vous annulez ou tentez de modifier votre r\u00e9servation durant les 5 jours pr\u00e9c\u00e9dent votre arriv\u00e9e, nous encaisserons 50% de votre r\u00e9servation totale ou la premi\u00e8re nuit d\u2019h\u00e9bergement.<\/li><li>Si vous annulez 2 jours avant votre arriv\u00e9e, nous encaisserons le prix total de la r\u00e9servation.<\/li><li>Si la chambre appara\u00eet comme non annulable, non remboursable ou similaire, une p\u00e9nalit\u00e9 de 100% sera appliqu\u00e9e ind\u00e9pendamment de la date de demande d\u2019annulation.<\/li><li>Si l\u2019h\u00f4te souhaite effectuer son check-out avant la date pr\u00e9vue ou ne se pr\u00e9sente pas le jour de son check-in, cela sera consid\u00e9r\u00e9 comme une annulation et le remboursement ne sera pas possible. Toute r\u00e9servation sera annul\u00e9e sans droit au remboursement.<\/li><li>Si l\u2019h\u00f4te souhaite prolonger sa r\u00e9servation, les politiques d\u2019annulation s\u2019appliqueront de mani\u00e8re identique.<\/li><li>Notre \u00e9tablissement n\u2019accepte pas les animaux de compagnie dans les chambres.<\/li><\/ul>\t\t\t\t\t\t<\/div>\n\t\t\t\t<\/div>\n\t\t\t\t\t<\/div>\n\t\t<\/div>\n\t\t\t\t\t\t\t<\/div>\n\t\t<\/section>\n\t\t\t\t<section class=\"elementor-section elementor-top-section elementor-element elementor-element-d4ab18f elementor-section-boxed elementor-section-height-default elementor-section-height-default\" data-id=\"d4ab18f\" data-element_type=\"section\">\n\t\t\t\t\t\t<div class=\"elementor-container elementor-column-gap-default\">\n\t\t\t\t\t<div class=\"elementor-column elementor-col-100 elementor-top-column elementor-element elementor-element-d73d868\" data-id=\"d73d868\" data-element_type=\"column\">\n\t\t\t<div class=\"elementor-widget-wrap elementor-element-populated\">\n\t\t\t\t\t\t\t\t<div class=\"elementor-element elementor-element-cc2be59 elementor-widget elementor-widget-heading\" data-id=\"cc2be59\" data-element_type=\"widget\" data-widget_type=\"heading.default\">\n\t\t\t\t<div class=\"elementor-widget-container\">\n\t\t\t<h2 class=\"elementor-heading-title elementor-size-default\">POLITIQUES DE PAIEMENT ET D\u2019ANNULATION<\/h2>\t\t<\/div>\n\t\t\t\t<\/div>\n\t\t\t\t\t<\/div>\n\t\t<\/div>\n\t\t\t\t\t\t\t<\/div>\n\t\t<\/section>\n\t\t\t\t<section class=\"elementor-section elementor-top-section elementor-element elementor-element-7442c71 elementor-section-boxed elementor-section-height-default elementor-section-height-default\" data-id=\"7442c71\" data-element_type=\"section\">\n\t\t\t\t\t\t<div class=\"elementor-container elementor-column-gap-default\">\n\t\t\t\t\t<div class=\"elementor-column elementor-col-100 elementor-top-column elementor-element elementor-element-83b2a18\" data-id=\"83b2a18\" data-element_type=\"column\">\n\t\t\t<div class=\"elementor-widget-wrap elementor-element-populated\">\n\t\t\t\t\t\t\t\t<div class=\"elementor-element elementor-element-a3692ca elementor-widget elementor-widget-text-editor\" data-id=\"a3692ca\" data-element_type=\"widget\" data-widget_type=\"text-editor.default\">\n\t\t\t\t<div class=\"elementor-widget-container\">\n\t\t\t\t\t\t\t<ul><li>Le Check In est programm\u00e9 \u00e0 15h et le Check Out \u00e0 midi. Le Check Out tardif est possible selon disponibilit\u00e9s et peut engendrer des frais additionnels en fonction du temps suppl\u00e9mentaire requis.<\/li><li>Jusqu\u2019\u00e0 2 enfants de moins de 11 ans peuvent dormir sans frais additionnels, s\u2019ils utilisent les lits \u00e0 disposition.<\/li><li>Il n\u2019y a pas de place pour des lits suppl\u00e9mentaires \u00e0 l\u2019int\u00e9rieur de la chambre<\/li><li>Rester dans la chambre apr\u00e8s midi est consid\u00e9r\u00e9 comme un d\u00e9part tardif. Si le client sort de la chambre apr\u00e8s 13h sans autorisation de la r\u00e9ception, l\u2019h\u00f4tel exigera le paiement \u00e9quivalent \u00e0 une demi-journ\u00e9e de s\u00e9jour dans cette chambre.<\/li><li>Un client ayant pay\u00e9 une chambre ne peut pas la laisser \u00e0 d\u2019autres personnes, m\u00eame si la dur\u00e9e pour laquelle il a pay\u00e9 n\u2019est pas encore \u00e9coul\u00e9e.<\/li><li>Les personnes n\u2019ayant pas r\u00e9serv\u00e9 (et la chambre n\u2019est pas encore pr\u00eate) peuvent acc\u00e9der \u00e0 l\u2019h\u00f4tel \u00e0 partir de 8h30.<\/li><li>L\u2019h\u00f4tel se d\u00e9charge de toute responsabilit\u00e9 concernant la perte ou les d\u00e9gradations concernant de l\u2019argent, des actions, des objets de valeurs et autres objets de valeur scientifique ou artistique durant ou apr\u00e8s le s\u00e9jour du client.<\/li><li>Aldea Coba an Escape Boutique Experience ne pourra \u00eatre port\u00e9 responsable pour : les d\u00e9gradations occasionn\u00e9es \u00e0 un v\u00e9hicule ou sa perte, ou \u00e0 un autre v\u00e9hicule appartenant \u00e0 un client, \u00e0 des objets ou animaux vivant laiss\u00e9s dans un v\u00e9hicule, m\u00eame si le v\u00e9hicule \u00e9tait stationn\u00e9 dans le parking de l\u2019h\u00f4tel.<\/li><li>L\u2019h\u00f4tel est un resort sans tabac, il est donc interdit de fumer dans les habitations et dans les installations de l\u2019h\u00f4tel.<\/li><li>Le client de l\u2019h\u00f4tel ou ses invit\u00e9s seront tenus pour responsables de toute d\u00e9gradation ou destruction du mat\u00e9riel de l\u2019h\u00f4tel.<\/li><li>La responsabilit\u00e9 de l\u2019utilisation de la piscine incombe \u00e0 l\u2019h\u00f4te : Aldea Cob\u00e1 an Escape Boutique Experience n\u2019offre pas de service de surveillant de baignade, si bien que vous devrez l\u2019utiliser en prenant vos pr\u00e9cautions. Les enfants doivent toujours rester sous la surveillance d\u2019un adulte.<\/li><li>L\u2019h\u00f4tel met \u00e0 votre disposition des v\u00e9los en libre service de 7h \u00e0 16h. L\u2019h\u00f4te sera responsable de son bon usage. L\u2019h\u00f4tel d\u00e9cline toute responsabilit\u00e9 en cas de vol ou accident faisant suite \u00e0 leur utilisation. L\u2019utilisation de gilets r\u00e9fl\u00e9chissants est obligatoire.<\/li><li>Les enfants de moins de 15 ans doivent rester dans l\u2019enceinte de l\u2019h\u00f4tel sous la surveillance de leurs parents et\/ou tuteurs l\u00e9gaux. Les tuteurs l\u00e9gaux sont tenus pour responsables de toute d\u00e9gradation r\u00e9sultant de l\u2019action des enfants.<\/li><li>En cas de violation des termes et conditions de s\u00e9jour, l\u2019h\u00f4tel peut refuser d\u2019offrir ses services \u00e0 la personne en faute. Cette personne est oblig\u00e9e de respecter imm\u00e9diatement les demandes de l\u2019h\u00f4tel, de payer la somme due pour les services actuels, de payer pour les possibles d\u00e9gradations.<\/li><\/ul>\t\t\t\t\t\t<\/div>\n\t\t\t\t<\/div>\n\t\t\t\t\t<\/div>\n\t\t<\/div>\n\t\t\t\t\t\t\t<\/div>\n\t\t<\/section>\n\t\t\t\t\t\t\t<\/div>\n\t\t","protected":false},"excerpt":{"rendered":"<p>TERMES ET CONDITIONS Nous acceptons les paiements en liquide, ainsi que les cartes bancaires Visa, Mastercard, American Express et Discover. Nous acceptons les virements bancaires et arrhes. Contactez, s\u2019il vous pla\u00eet, reservaciones@aldeacoba.com pour obtenir plus d\u2019informations. Le tarif n\u2019inclut pas : 16% de TVA et 3% de taxe de s\u00e9jour. L\u2019h\u00f4tel peut proc\u00e9der \u00e0 l\u2019encaissement&hellip; <a class=\"more-link\" href=\"https:\/\/aldeacoba.com\/fr\/terminos-y-condiciones\/\">Poursuivre la lecture <span class=\"screen-reader-text\">Terminos y condiciones<\/span><\/a><\/p>\n","protected":false},"author":1,"featured_media":0,"parent":0,"menu_order":0,"comment_status":"closed","ping_status":"closed","template":"elementor_header_footer","meta":{"om_disable_all_campaigns":false},"_links":{"self":[{"href":"https:\/\/aldeacoba.com\/fr\/wp-json\/wp\/v2\/pages\/1515"}],"collection":[{"href":"https:\/\/aldeacoba.com\/fr\/wp-json\/wp\/v2\/pages"}],"about":[{"href":"https:\/\/aldeacoba.com\/fr\/wp-json\/wp\/v2\/types\/page"}],"author":[{"embeddable":true,"href":"https:\/\/aldeacoba.com\/fr\/wp-json\/wp\/v2\/users\/1"}],"replies":[{"embeddable":true,"href":"https:\/\/aldeacoba.com\/fr\/wp-json\/wp\/v2\/comments?post=1515"}],"version-history":[{"count":32,"href":"https:\/\/aldeacoba.com\/fr\/wp-json\/wp\/v2\/pages\/1515\/revisions"}],"predecessor-version":[{"id":3186,"href":"https:\/\/aldeacoba.com\/fr\/wp-json\/wp\/v2\/pages\/1515\/revisions\/3186"}],"wp:attachment":[{"href":"https:\/\/aldeacoba.com\/fr\/wp-json\/wp\/v2\/media?parent=1515"}],"curies":[{"name":"wp","href":"https:\/\/api.w.org\/{rel}","templated":true}]}}