{"id":4165,"date":"2021-11-02T22:54:24","date_gmt":"2021-11-02T22:54:24","guid":{"rendered":"https:\/\/aldeacoba.com\/?page_id=4165"},"modified":"2021-11-02T23:12:30","modified_gmt":"2021-11-02T23:12:30","slug":"terminos-y-condiciones-2","status":"publish","type":"page","link":"https:\/\/aldeacoba.com\/fr\/terminos-y-condiciones-2\/","title":{"rendered":"terminos-y-condiciones"},"content":{"rendered":"\t\t<div data-elementor-type=\"wp-page\" data-elementor-id=\"4165\" class=\"elementor elementor-4165\">\n\t\t\t\t\t\t\t\t\t<section class=\"elementor-section elementor-top-section elementor-element elementor-element-4292387 elementor-section-boxed elementor-section-height-default elementor-section-height-default\" data-id=\"4292387\" data-element_type=\"section\">\n\t\t\t\t\t\t<div class=\"elementor-container elementor-column-gap-default\">\n\t\t\t\t\t<div class=\"elementor-column elementor-col-100 elementor-top-column elementor-element elementor-element-d01edfc\" data-id=\"d01edfc\" data-element_type=\"column\">\n\t\t\t<div class=\"elementor-widget-wrap elementor-element-populated\">\n\t\t\t\t\t\t\t\t<div class=\"elementor-element elementor-element-0b0f593 elementor-widget elementor-widget-heading\" data-id=\"0b0f593\" data-element_type=\"widget\" data-widget_type=\"heading.default\">\n\t\t\t\t<div class=\"elementor-widget-container\">\n\t\t\t<style>\/*! elementor - v3.6.8 - 27-07-2022 *\/\n.elementor-heading-title{padding:0;margin:0;line-height:1}.elementor-widget-heading .elementor-heading-title[class*=elementor-size-]>a{color:inherit;font-size:inherit;line-height:inherit}.elementor-widget-heading .elementor-heading-title.elementor-size-small{font-size:15px}.elementor-widget-heading .elementor-heading-title.elementor-size-medium{font-size:19px}.elementor-widget-heading .elementor-heading-title.elementor-size-large{font-size:29px}.elementor-widget-heading .elementor-heading-title.elementor-size-xl{font-size:39px}.elementor-widget-heading .elementor-heading-title.elementor-size-xxl{font-size:59px}<\/style><h2 class=\"elementor-heading-title elementor-size-default\">TERMES ET CONDITIONS<\/h2>\t\t<\/div>\n\t\t\t\t<\/div>\n\t\t\t\t\t<\/div>\n\t\t<\/div>\n\t\t\t\t\t\t\t<\/div>\n\t\t<\/section>\n\t\t\t\t<section class=\"elementor-section elementor-top-section elementor-element elementor-element-323c4c5 elementor-section-boxed elementor-section-height-default elementor-section-height-default\" data-id=\"323c4c5\" data-element_type=\"section\">\n\t\t\t\t\t\t<div class=\"elementor-container elementor-column-gap-default\">\n\t\t\t\t\t<div class=\"elementor-column elementor-col-100 elementor-top-column elementor-element elementor-element-77cfe0a\" data-id=\"77cfe0a\" data-element_type=\"column\">\n\t\t\t<div class=\"elementor-widget-wrap elementor-element-populated\">\n\t\t\t\t\t\t\t\t<div class=\"elementor-element elementor-element-755bd06 elementor-widget elementor-widget-text-editor\" data-id=\"755bd06\" data-element_type=\"widget\" data-widget_type=\"text-editor.default\">\n\t\t\t\t<div class=\"elementor-widget-container\">\n\t\t\t<style>\/*! elementor - v3.6.8 - 27-07-2022 *\/\n.elementor-widget-text-editor.elementor-drop-cap-view-stacked .elementor-drop-cap{background-color:#818a91;color:#fff}.elementor-widget-text-editor.elementor-drop-cap-view-framed .elementor-drop-cap{color:#818a91;border:3px solid;background-color:transparent}.elementor-widget-text-editor:not(.elementor-drop-cap-view-default) .elementor-drop-cap{margin-top:8px}.elementor-widget-text-editor:not(.elementor-drop-cap-view-default) .elementor-drop-cap-letter{width:1em;height:1em}.elementor-widget-text-editor .elementor-drop-cap{float:left;text-align:center;line-height:1;font-size:50px}.elementor-widget-text-editor .elementor-drop-cap-letter{display:inline-block}<\/style>\t\t\t\t<p>L&rsquo;enregistrement est pr\u00e9vu \u00e0 15h00 et le d\u00e9part \u00e0 12h00. Le d\u00e9part tardif est soumis \u00e0 disponibilit\u00e9 et peut avoir un prix suppl\u00e9mentaire en fonction du temps requis.<\/p><p>\u00a0<\/p><p>Jusqu&rsquo;\u00e0 deux enfants de moins de 10 ans peuvent s\u00e9journer dans la chambre gratuitement pendant que les lits disponibles sont utilis\u00e9s. (Maximum 4 personnes dans la chambre y compris les mineurs)<\/p><p>Il n&rsquo;y a pas d&rsquo;espace pour les lits d&rsquo;appoint \u00e0 l&rsquo;int\u00e9rieur de la chambre.<\/p><p>Rester dans la chambre apr\u00e8s midi est consid\u00e9r\u00e9 comme un d\u00e9part tardif. Si le client quitte la chambre apr\u00e8s 13h00 sans autorisation de la r\u00e9ception, l&rsquo;h\u00f4tel facturera un tarif \u00e9quivalent \u00e0 une demi-journ\u00e9e de s\u00e9jour.<\/p><p>L&rsquo;invit\u00e9 qui a lou\u00e9 une chambre ne peut pas la donner \u00e0 d&rsquo;autres personnes, m\u00eame si la journ\u00e9e pour laquelle il a pay\u00e9 n&rsquo;est pas encore termin\u00e9e.<\/p><p>Les personnes non inscrites (la chambre n&rsquo;est pas pr\u00eate) peuvent s\u00e9journer \u00e0 l&rsquo;h\u00f4tel \u00e0 partir de 08h30.<\/p><p>L&rsquo;h\u00f4tel n&rsquo;est pas responsable de toute perte ou dommage d&rsquo;argent, de stocks, d&rsquo;objets de valeur et d&rsquo;autres objets de valeur scientifique ou artistique pendant ou apr\u00e8s le s\u00e9jour du client.<\/p><p>Aldea Cob\u00e1 an escape boutique experience n&rsquo;est pas responsable : des dommages ou de la perte d&rsquo;une voiture ou d&rsquo;un autre v\u00e9hicule appartenant \u00e0 un client, d&rsquo;objets et d&rsquo;animaux vivants laiss\u00e9s dans un v\u00e9hicule, que la voiture ait \u00e9t\u00e9 gar\u00e9e ou non sur le parking de l&rsquo;h\u00f4tel.<\/p><p>L&rsquo;h\u00f4tel est un complexe non-fumeur, il est donc interdit de fumer dans les chambres et dans les installations de l&rsquo;h\u00f4tel. Le client de l&rsquo;h\u00f4tel ou ses visiteurs sont enti\u00e8rement responsables de tout dommage ou destruction des \u00e9quipements de l&rsquo;h\u00f4tel.<\/p><p>L&rsquo;utilisation de la piscine est de la responsabilit\u00e9 de chaque client, Aldea Cob\u00e1 une exp\u00e9rience de boutique d&rsquo;\u00e9vasion n&rsquo;offre pas de service de sauveteur, ils doivent donc prendre des pr\u00e9cautions extr\u00eames. Les mineurs doivent toujours rester sous la surveillance d&rsquo;un adulte dans l&rsquo;espace piscine.<\/p><p>L&rsquo;h\u00f4tel offre l&rsquo;utilisation gratuite de v\u00e9los de 07h00 \u00e0 16h00, chaque client \u00e9tant responsable de leur bon traitement. L&rsquo;h\u00f4tel n&rsquo;est pas responsable des vols, accidents pouvant r\u00e9sulter de son utilisation. L&rsquo;utilisation de gilets r\u00e9fl\u00e9chissants est obligatoire.<\/p><p>Les enfants de moins de 15 ans doivent rester dans l&rsquo;enceinte de l&rsquo;h\u00f4tel sous la surveillance constante de leurs parents et\/ou tuteurs l\u00e9gaux.<\/p><p>Les tuteurs l\u00e9gaux sont enti\u00e8rement responsables de tout dommage caus\u00e9 par les actions des enfants. Tous les clients sont pri\u00e9s de respecter les heures de silence de 22h00 \u00e0 7h30 chaque jour.<\/p><p>Il est interdit d&rsquo;organiser des f\u00eates ou des r\u00e9unions sans l&rsquo;autorisation pr\u00e9alable de la Direction ou de la R\u00e9ception.En cas de violation des termes et r\u00e8glements, l&rsquo;H\u00f4tel peut refuser de fournir des services \u00e0 une personne qui les a viol\u00e9s.<\/p><p>Ladite personne est oblig\u00e9e de se conformer imm\u00e9diatement aux exigences de l&rsquo;H\u00f4tel, de payer le montant d\u00fb pour les services en cours, de payer les dommages \u00e9ventuels.<\/p>\t\t\t\t\t\t<\/div>\n\t\t\t\t<\/div>\n\t\t\t\t\t<\/div>\n\t\t<\/div>\n\t\t\t\t\t\t\t<\/div>\n\t\t<\/section>\n\t\t\t\t\t\t\t<\/div>\n\t\t","protected":false},"excerpt":{"rendered":"<p>TERMES ET CONDITIONS L&rsquo;enregistrement est pr\u00e9vu \u00e0 15h00 et le d\u00e9part \u00e0 12h00. Le d\u00e9part tardif est soumis \u00e0 disponibilit\u00e9 et peut avoir un prix suppl\u00e9mentaire en fonction du temps requis. \u00a0 Jusqu&rsquo;\u00e0 deux enfants de moins de 10 ans peuvent s\u00e9journer dans la chambre gratuitement pendant que les lits disponibles sont utilis\u00e9s. (Maximum 4&hellip; <a class=\"more-link\" href=\"https:\/\/aldeacoba.com\/fr\/terminos-y-condiciones-2\/\">Poursuivre la lecture <span class=\"screen-reader-text\">terminos-y-condiciones<\/span><\/a><\/p>\n","protected":false},"author":1,"featured_media":0,"parent":0,"menu_order":0,"comment_status":"closed","ping_status":"closed","template":"elementor_header_footer","meta":{"om_disable_all_campaigns":false},"_links":{"self":[{"href":"https:\/\/aldeacoba.com\/fr\/wp-json\/wp\/v2\/pages\/4165"}],"collection":[{"href":"https:\/\/aldeacoba.com\/fr\/wp-json\/wp\/v2\/pages"}],"about":[{"href":"https:\/\/aldeacoba.com\/fr\/wp-json\/wp\/v2\/types\/page"}],"author":[{"embeddable":true,"href":"https:\/\/aldeacoba.com\/fr\/wp-json\/wp\/v2\/users\/1"}],"replies":[{"embeddable":true,"href":"https:\/\/aldeacoba.com\/fr\/wp-json\/wp\/v2\/comments?post=4165"}],"version-history":[{"count":17,"href":"https:\/\/aldeacoba.com\/fr\/wp-json\/wp\/v2\/pages\/4165\/revisions"}],"predecessor-version":[{"id":4234,"href":"https:\/\/aldeacoba.com\/fr\/wp-json\/wp\/v2\/pages\/4165\/revisions\/4234"}],"wp:attachment":[{"href":"https:\/\/aldeacoba.com\/fr\/wp-json\/wp\/v2\/media?parent=4165"}],"curies":[{"name":"wp","href":"https:\/\/api.w.org\/{rel}","templated":true}]}}