{"id":4220,"date":"2021-11-02T23:04:36","date_gmt":"2021-11-02T23:04:36","guid":{"rendered":"https:\/\/aldeacoba.com\/politicas-de-pago-y-cancelacion\/"},"modified":"2021-11-02T23:10:04","modified_gmt":"2021-11-02T23:10:04","slug":"politicas-de-pago-y-cancelacion","status":"publish","type":"page","link":"https:\/\/aldeacoba.com\/fr\/politicas-de-pago-y-cancelacion\/","title":{"rendered":"Politicas de pago y cancelacion"},"content":{"rendered":"\t\t<div data-elementor-type=\"wp-page\" data-elementor-id=\"4220\" class=\"elementor elementor-4220 elementor-4207\">\n\t\t\t\t\t\t\t\t\t<section class=\"elementor-section elementor-top-section elementor-element elementor-element-9174ed1 elementor-section-boxed elementor-section-height-default elementor-section-height-default\" data-id=\"9174ed1\" data-element_type=\"section\">\n\t\t\t\t\t\t<div class=\"elementor-container elementor-column-gap-default\">\n\t\t\t\t\t<div class=\"elementor-column elementor-col-100 elementor-top-column elementor-element elementor-element-0bf0d18\" data-id=\"0bf0d18\" data-element_type=\"column\">\n\t\t\t<div class=\"elementor-widget-wrap elementor-element-populated\">\n\t\t\t\t\t\t\t\t<div class=\"elementor-element elementor-element-4ce863a elementor-widget elementor-widget-heading\" data-id=\"4ce863a\" data-element_type=\"widget\" data-widget_type=\"heading.default\">\n\t\t\t\t<div class=\"elementor-widget-container\">\n\t\t\t<style>\/*! elementor - v3.6.8 - 27-07-2022 *\/\n.elementor-heading-title{padding:0;margin:0;line-height:1}.elementor-widget-heading .elementor-heading-title[class*=elementor-size-]>a{color:inherit;font-size:inherit;line-height:inherit}.elementor-widget-heading .elementor-heading-title.elementor-size-small{font-size:15px}.elementor-widget-heading .elementor-heading-title.elementor-size-medium{font-size:19px}.elementor-widget-heading .elementor-heading-title.elementor-size-large{font-size:29px}.elementor-widget-heading .elementor-heading-title.elementor-size-xl{font-size:39px}.elementor-widget-heading .elementor-heading-title.elementor-size-xxl{font-size:59px}<\/style><h2 class=\"elementor-heading-title elementor-size-default\">POLITIQUES DE PAIEMENT ET D'ANNULATION<\/h2>\t\t<\/div>\n\t\t\t\t<\/div>\n\t\t\t\t\t<\/div>\n\t\t<\/div>\n\t\t\t\t\t\t\t<\/div>\n\t\t<\/section>\n\t\t\t\t<section class=\"elementor-section elementor-top-section elementor-element elementor-element-d6b15b6 elementor-section-boxed elementor-section-height-default elementor-section-height-default\" data-id=\"d6b15b6\" data-element_type=\"section\">\n\t\t\t\t\t\t<div class=\"elementor-container elementor-column-gap-default\">\n\t\t\t\t\t<div class=\"elementor-column elementor-col-100 elementor-top-column elementor-element elementor-element-7a7aa30\" data-id=\"7a7aa30\" data-element_type=\"column\">\n\t\t\t<div class=\"elementor-widget-wrap elementor-element-populated\">\n\t\t\t\t\t\t\t\t<div class=\"elementor-element elementor-element-855db25 elementor-widget elementor-widget-text-editor\" data-id=\"855db25\" data-element_type=\"widget\" data-widget_type=\"text-editor.default\">\n\t\t\t\t<div class=\"elementor-widget-container\">\n\t\t\t<style>\/*! elementor - v3.6.8 - 27-07-2022 *\/\n.elementor-widget-text-editor.elementor-drop-cap-view-stacked .elementor-drop-cap{background-color:#818a91;color:#fff}.elementor-widget-text-editor.elementor-drop-cap-view-framed .elementor-drop-cap{color:#818a91;border:3px solid;background-color:transparent}.elementor-widget-text-editor:not(.elementor-drop-cap-view-default) .elementor-drop-cap{margin-top:8px}.elementor-widget-text-editor:not(.elementor-drop-cap-view-default) .elementor-drop-cap-letter{width:1em;height:1em}.elementor-widget-text-editor .elementor-drop-cap{float:left;text-align:center;line-height:1;font-size:50px}.elementor-widget-text-editor .elementor-drop-cap-letter{display:inline-block}<\/style>\t\t\t\t<p>Nous acceptons les esp\u00e8ces sur notre propri\u00e9t\u00e9, ainsi que les cartes Visa, Mastercard, American Express et Discover.<\/p><p>Nous acceptons les virements bancaires ou les d\u00e9p\u00f4ts, veuillez contacter sales@aldeacoba.com pour plus d&rsquo;informations.16% de TVA et 3% de taxe d&rsquo;h\u00f4tel ne sont pas inclus dans le tarif.<\/p><p>En cas de r\u00e9servation avec un tarif \u00ab\u00a0Non Remboursable\u00a0\u00bb, l&rsquo;H\u00f4tel peut facturer le paiement de la chambre \u00e0 tout moment.<\/p><p>En cas de r\u00e9servation avec un tarif \u00ab\u00a0Standard\u00a0\u00bb, le montant total de la chambre est factur\u00e9 au moment de l&rsquo;Enregistrement.<\/p><p>Vous pouvez annuler toute r\u00e9servation sans frais jusqu&rsquo;\u00e0 5 jours avant le jour d&rsquo;arriv\u00e9e standard\u00a0\u00bb<\/p><p>Si vous annulez ou essayez de modifier votre r\u00e9servation dans les 5 jours pr\u00e9c\u00e9dant votre arriv\u00e9e, nous vous facturerons 50% de la r\u00e9servation ou de la premi\u00e8re nuit d&rsquo;h\u00e9bergement. En cas d&rsquo;annulation 2 jours avant votre arriv\u00e9e, le montant total de la r\u00e9servation est pr\u00e9lev\u00e9.<\/p><p>Si la chambre est marqu\u00e9e comme non annulable, non remboursable ou similaire, une p\u00e9nalit\u00e9 de 100 % s&rsquo;applique quelle que soit la date \u00e0 laquelle l&rsquo;annulation est demand\u00e9e.<\/p><p>Si le client souhaite partir avant la date ou ne se pr\u00e9sente pas \u00e0 l&rsquo;h\u00f4tel le jour de l&rsquo;enregistrement (no show), cela est consid\u00e9r\u00e9 comme une annulation et les remboursements ne s&rsquo;appliquent pas.<\/p><p>Si le client souhaite prolonger sa r\u00e9servation, les conditions d&rsquo;annulation s&rsquo;appliqueront de la m\u00eame mani\u00e8re. Nouveau! Le \u00abTarif Standard\u00bb est flexible et peut \u00eatre annul\u00e9 jusqu&rsquo;\u00e0 5 jours avant la date d&rsquo;arriv\u00e9e. Nouveau! Annulation humanitaire sans p\u00e9nalit\u00e9. (Fermeture des fronti\u00e8res, vol annul\u00e9, maladie de derni\u00e8re minute, entre autres)<\/p><p>* Certains documents sont requis pour la v\u00e9rification Nouveau!<\/p><p>En cas d&rsquo;avoir effectu\u00e9 un paiement et pour des raisons ind\u00e9pendantes de sa volont\u00e9, il doit \u00eatre annul\u00e9 (fermeture de la fronti\u00e8re, vol annul\u00e9, maladie de derni\u00e8re minute), l&rsquo;argent ne peut pas \u00eatre rembours\u00e9 mais un bon est \u00e9mis pour le montant pay\u00e9 pour voyager dans une p\u00e9riode de 12 mois en respectant le m\u00eame tarif r\u00e9serv\u00e9.<\/p><p>Notre h\u00f4tel n&rsquo;accepte pas les animaux dans les chambres.<\/p>\t\t\t\t\t\t<\/div>\n\t\t\t\t<\/div>\n\t\t\t\t\t<\/div>\n\t\t<\/div>\n\t\t\t\t\t\t\t<\/div>\n\t\t<\/section>\n\t\t\t\t\t\t\t<\/div>\n\t\t","protected":false},"excerpt":{"rendered":"<p>POLITIQUES DE PAIEMENT ET D&rsquo;ANNULATION Nous acceptons les esp\u00e8ces sur notre propri\u00e9t\u00e9, ainsi que les cartes Visa, Mastercard, American Express et Discover. Nous acceptons les virements bancaires ou les d\u00e9p\u00f4ts, veuillez contacter sales@aldeacoba.com pour plus d&rsquo;informations.16% de TVA et 3% de taxe d&rsquo;h\u00f4tel ne sont pas inclus dans le tarif. En cas de r\u00e9servation avec&hellip; <a class=\"more-link\" href=\"https:\/\/aldeacoba.com\/fr\/politicas-de-pago-y-cancelacion\/\">Poursuivre la lecture <span class=\"screen-reader-text\">Politicas de pago y cancelacion<\/span><\/a><\/p>\n","protected":false},"author":1,"featured_media":0,"parent":0,"menu_order":0,"comment_status":"closed","ping_status":"closed","template":"elementor_header_footer","meta":{"om_disable_all_campaigns":false},"_links":{"self":[{"href":"https:\/\/aldeacoba.com\/fr\/wp-json\/wp\/v2\/pages\/4220"}],"collection":[{"href":"https:\/\/aldeacoba.com\/fr\/wp-json\/wp\/v2\/pages"}],"about":[{"href":"https:\/\/aldeacoba.com\/fr\/wp-json\/wp\/v2\/types\/page"}],"author":[{"embeddable":true,"href":"https:\/\/aldeacoba.com\/fr\/wp-json\/wp\/v2\/users\/1"}],"replies":[{"embeddable":true,"href":"https:\/\/aldeacoba.com\/fr\/wp-json\/wp\/v2\/comments?post=4220"}],"version-history":[{"count":5,"href":"https:\/\/aldeacoba.com\/fr\/wp-json\/wp\/v2\/pages\/4220\/revisions"}],"predecessor-version":[{"id":4231,"href":"https:\/\/aldeacoba.com\/fr\/wp-json\/wp\/v2\/pages\/4220\/revisions\/4231"}],"wp:attachment":[{"href":"https:\/\/aldeacoba.com\/fr\/wp-json\/wp\/v2\/media?parent=4220"}],"curies":[{"name":"wp","href":"https:\/\/api.w.org\/{rel}","templated":true}]}}